{"id":1630,"date":"2020-03-03T16:15:39","date_gmt":"2020-03-03T15:15:39","guid":{"rendered":"https:\/\/new.frilab.ch\/?page_id=1630"},"modified":"2020-03-09T11:43:51","modified_gmt":"2020-03-09T10:43:51","slug":"mentions-legales","status":"publish","type":"page","link":"https:\/\/frilab.ch\/en\/mentions-legales\/","title":{"rendered":"Mentions l\u00e9gales"},"content":{"rendered":"\n<h3 class=\"wp-block-heading\">Exploitant et Editeur <\/h3>\n\n\n\n<h5 class=\"wp-block-heading\">Le pr\u00e9sent site Internet est exploit\u00e9 et \u00e9dit\u00e9 par :<\/h5>\n\n\n\n<p>FRILAB SA<br>Laboratoires pharmaceutiques<br>Rue des Pierres-du-Niton 17<br>1207 Gen\u00e8ve<br>Suisse <\/p>\n\n\n\n<p>IDE : <strong>CHE-100.615.780<\/strong><br>CH-ID : <strong>CH21701350136<\/strong><br>OFRC-ID : <strong>63339 <\/strong><\/p>\n\n\n\n<h5 class=\"wp-block-heading\">Coordonn\u00e9es et personne de contact : <\/h5>\n\n\n\n<p>Monsieur Antoine BELLEGARDE<br>+41 22 346 33 48<br><a href=\"mailto:info@frilab.ch\">info@frilab.ch<\/a><\/p>\n\n\n\n<hr class=\"wp-block-separator\"\/>\n\n\n\n<h4 class=\"wp-block-heading\"><strong>H\u00e9bergement et nom de domaine<\/strong><\/h4>\n\n\n\n<div class=\"wp-block-columns is-layout-flex wp-container-core-columns-is-layout-9d6595d7 wp-block-columns-is-layout-flex\">\n<div class=\"wp-block-column is-layout-flow wp-block-column-is-layout-flow\">\n<h5 class=\"wp-block-heading\">Le pr\u00e9sent site Internet est h\u00e9berg\u00e9 aupr\u00e8s de :<strong> <\/strong><\/h5>\n\n\n\n<p>Infomaniak<br><\/p>\n<\/div>\n\n\n\n<div class=\"wp-block-column is-layout-flow wp-block-column-is-layout-flow\">\n<h5 class=\"wp-block-heading\">La gestion du nom de domaine est d\u00e9l\u00e9g\u00e9 \u00e0 :<\/h5>\n\n\n\n<p>VTX Services SA<br>Avenue de Lavaux 101<br>1009 Pully<br>Suisse <\/p>\n<\/div>\n<\/div>\n","protected":false},"excerpt":{"rendered":"<p>Exploitant et Editeur Le pr\u00e9sent site Internet est exploit\u00e9 et \u00e9dit\u00e9 par : FRILAB SALaboratoires pharmaceutiquesRue des Pierres-du-Niton 171207 Gen\u00e8veSuisse IDE : CHE-100.615.780CH-ID : CH21701350136OFRC-ID : 63339 Coordonn\u00e9es et personne de contact : Monsieur Antoine BELLEGARDE+41 22 346 33 48info@frilab.ch H\u00e9bergement et nom de domaine Le pr\u00e9sent site Internet est h\u00e9berg\u00e9 aupr\u00e8s de : Infomaniak &#8230; <a title=\"Mentions l\u00e9gales\" class=\"read-more\" href=\"https:\/\/frilab.ch\/en\/mentions-legales\/\" aria-label=\"More on Mentions l\u00e9gales\">Read more<\/a><\/p>\n","protected":false},"author":1,"featured_media":0,"parent":0,"menu_order":0,"comment_status":"closed","ping_status":"closed","template":"","meta":{"ghostkit_customizer_options":"","ghostkit_custom_css":"","ghostkit_custom_js_head":"","ghostkit_custom_js_foot":"","ghostkit_typography":"","footnotes":""},"class_list":{"0":"post-1630","1":"page","2":"type-page","3":"status-publish","5":"no-featured-image-padding"},"_links":{"self":[{"href":"https:\/\/frilab.ch\/en\/wp-json\/wp\/v2\/pages\/1630","targetHints":{"allow":["GET"]}}],"collection":[{"href":"https:\/\/frilab.ch\/en\/wp-json\/wp\/v2\/pages"}],"about":[{"href":"https:\/\/frilab.ch\/en\/wp-json\/wp\/v2\/types\/page"}],"author":[{"embeddable":true,"href":"https:\/\/frilab.ch\/en\/wp-json\/wp\/v2\/users\/1"}],"replies":[{"embeddable":true,"href":"https:\/\/frilab.ch\/en\/wp-json\/wp\/v2\/comments?post=1630"}],"version-history":[{"count":11,"href":"https:\/\/frilab.ch\/en\/wp-json\/wp\/v2\/pages\/1630\/revisions"}],"predecessor-version":[{"id":1734,"href":"https:\/\/frilab.ch\/en\/wp-json\/wp\/v2\/pages\/1630\/revisions\/1734"}],"wp:attachment":[{"href":"https:\/\/frilab.ch\/en\/wp-json\/wp\/v2\/media?parent=1630"}],"curies":[{"name":"wp","href":"https:\/\/api.w.org\/{rel}","templated":true}]}}