{"id":1899,"date":"2024-09-24T11:54:08","date_gmt":"2024-09-24T09:54:08","guid":{"rendered":"https:\/\/frilab.ch\/?page_id=1899"},"modified":"2025-11-25T16:42:34","modified_gmt":"2025-11-25T15:42:34","slug":"frilab-france","status":"publish","type":"page","link":"https:\/\/frilab.ch\/en\/frilab-france\/","title":{"rendered":"Laboratoires Frilab"},"content":{"rendered":"\n<p>Nous contacter&nbsp;:<\/p>\n\n\n\n<p>LABORATOIRES FRILAB<\/p>\n\n\n\n<p>104 boulevard Auguste Blanqui<\/p>\n\n\n\n<p>75013 &#8211; Paris<\/p>\n\n\n\n<p> France<\/p>\n\n\n\n<p>T\u00e9l\u00e9phone\u00a0: +33 1 81 79 38 75<\/p>\n\n\n\n<p>E-mail\u00a0: <a href=\"mailto:info@frilab.fr\">info@frilab.fr<\/a><\/p>\n\n\n\n<p>Pour signaler aux autorit\u00e9s sanitaires tout effet ind\u00e9sirable li\u00e9 \u00e0 un produit de sant\u00e9, connectez-vous sur <a href=\"https:\/\/signalement.social-sante.gouv.fr\/\">https:\/\/signalement.social-sante.gouv.fr\/<\/a><\/p>\n\n\n\n<p>Si vous avez des questions concernant un de nos produits ou si vous souhaitez signaler un \u00e9v\u00e8nement ind\u00e9sirable relatif \u00e0 un m\u00e9dicament Frilab, vous pouvez nous contacter.<\/p>\n\n\n\n<p><\/p>\n","protected":false},"excerpt":{"rendered":"<p>Nous contacter&nbsp;: LABORATOIRES FRILAB 104 boulevard Auguste Blanqui 75013 &#8211; Paris France T\u00e9l\u00e9phone\u00a0: +33 1 81 79 38 75 E-mail\u00a0: info@frilab.fr Pour signaler aux autorit\u00e9s sanitaires tout effet ind\u00e9sirable li\u00e9 \u00e0 un produit de sant\u00e9, connectez-vous sur https:\/\/signalement.social-sante.gouv.fr\/ Si vous avez des questions concernant un de nos produits ou si vous souhaitez signaler un \u00e9v\u00e8nement &#8230; <a title=\"Laboratoires Frilab\" class=\"read-more\" href=\"https:\/\/frilab.ch\/en\/frilab-france\/\" aria-label=\"More on Laboratoires Frilab\">Read more<\/a><\/p>\n","protected":false},"author":2,"featured_media":0,"parent":0,"menu_order":0,"comment_status":"closed","ping_status":"closed","template":"","meta":{"ghostkit_customizer_options":"","ghostkit_custom_css":"","ghostkit_custom_js_head":"","ghostkit_custom_js_foot":"","ghostkit_typography":"","footnotes":""},"class_list":{"0":"post-1899","1":"page","2":"type-page","3":"status-publish","5":"no-featured-image-padding"},"_links":{"self":[{"href":"https:\/\/frilab.ch\/en\/wp-json\/wp\/v2\/pages\/1899","targetHints":{"allow":["GET"]}}],"collection":[{"href":"https:\/\/frilab.ch\/en\/wp-json\/wp\/v2\/pages"}],"about":[{"href":"https:\/\/frilab.ch\/en\/wp-json\/wp\/v2\/types\/page"}],"author":[{"embeddable":true,"href":"https:\/\/frilab.ch\/en\/wp-json\/wp\/v2\/users\/2"}],"replies":[{"embeddable":true,"href":"https:\/\/frilab.ch\/en\/wp-json\/wp\/v2\/comments?post=1899"}],"version-history":[{"count":5,"href":"https:\/\/frilab.ch\/en\/wp-json\/wp\/v2\/pages\/1899\/revisions"}],"predecessor-version":[{"id":1999,"href":"https:\/\/frilab.ch\/en\/wp-json\/wp\/v2\/pages\/1899\/revisions\/1999"}],"wp:attachment":[{"href":"https:\/\/frilab.ch\/en\/wp-json\/wp\/v2\/media?parent=1899"}],"curies":[{"name":"wp","href":"https:\/\/api.w.org\/{rel}","templated":true}]}}